{"id":1654,"date":"2020-04-16T22:35:08","date_gmt":"2020-04-16T20:35:08","guid":{"rendered":"https:\/\/letsgoontour.de\/?page_id=1654"},"modified":"2020-12-30T19:12:13","modified_gmt":"2020-12-30T18:12:13","slug":"reiseberichte","status":"publish","type":"page","link":"https:\/\/letsgoontour.de\/index.php\/reiseberichte\/","title":{"rendered":"Reiseberichte"},"content":{"rendered":"<div class=\"wpb-content-wrapper\"><p>[vc_row row_type=&#8220;row&#8220; use_row_as_full_screen_section=&#8220;no&#8220; type=&#8220;grid&#8220; text_align=&#8220;center&#8220; video=&#8220;&#8220; padding_top=&#8220;160&#8243; padding_bottom=&#8220;90&#8243; css_animation=&#8220;&#8220; box_shadow_on_row=&#8220;no&#8220;][vc_column][vc_column_text]<\/p>\n<h4>Vorfreude &amp; Erinnerungen<\/h4>\n<p>[\/vc_column_text][vc_separator type=&#8220;transparent&#8220;][vc_column_text]<\/p>\n<h1>Reiseberichte<\/h1>\n<p>[\/vc_column_text][vc_separator type=&#8220;transparent&#8220;][vc_single_image image=&#8220;21&#8243; img_size=&#8220;full&#8220; alignment=&#8220;center&#8220; eltd_css_animation=&#8220;&#8220;][vc_separator type=&#8220;transparent&#8220;][vc_column_text]Ein gro\u00dfer Anteil an einer Reise ist f\u00fcr mich auch die Vorfreude &#8211; diese Spannung auf das Unbekannte, die faszinierenden Bilder der Orte, die ich bald vor Ort erkunden kann. Daher z\u00e4hlen Reiseberichte anderer f\u00fcr mich immer schon zur eigenen Reise dazu, weshalb es f\u00fcr mich gleich doppelt so sch\u00f6n ist, Reiseberichte der eigenen Reise zu verfassen &#8211; ich halte meine Erinnerungen noch ein bisschen detaillierter fest und habe gleichzeitig einen Anteil an Deiner Vorfreude bzw. Deiner Planung.<\/p>\n<p>[\/vc_column_text][vc_separator type=&#8220;transparent&#8220;][vc_column_text]<\/p>\n<h4 style=\"text-align: left;\">Europa<\/h4>\n<p>[\/vc_column_text][vc_separator type=&#8220;normal&#8220;]<div class=\"latest_post_holder  boxes three_columns\"><ul class='post_list'><li class=\"clearfix\" ><div class=\"box_padding_border\"><div class=\"boxes_image\"><a href=\"https:\/\/letsgoontour.de\/index.php\/2020\/04\/16\/schottland\/\"><img loading=\"lazy\" decoding=\"async\" width=\"800\" height=\"600\" src=\"https:\/\/letsgoontour.de\/wp-content\/uploads\/2015\/03\/slide-7-800x600.jpg\" class=\"attachment-portfolio-landscape size-portfolio-landscape wp-post-image\" alt=\"a\" \/><span class=\"latest_post_overlay\" ><\/span><\/a><\/div><div class=\"latest_post\" ><div class=\"latest_post_text\"><div class=\"latest_post_title_holder\"><h4 class=\"latest_post_title \" ><a href=\"https:\/\/letsgoontour.de\/index.php\/2020\/04\/16\/schottland\/\" style = \"\">Schottland &#8211; Glens, Lochs &#038; Castles<\/a><\/h4><\/div><div class=\"post_info_section post_info_boxes_bottom\" ><\/div><\/div><\/div><\/div><\/li><\/ul><\/div>[vc_column_text]<\/p>\n<h4 style=\"text-align: left;\">Nord- und S\u00fcdamerika<\/h4>\n<p>[\/vc_column_text][vc_separator type=&#8220;normal&#8220;]<div class=\"latest_post_holder  boxes three_columns\"><ul class='post_list'><li class=\"clearfix\" ><div class=\"box_padding_border\"><div class=\"boxes_image\"><a href=\"https:\/\/letsgoontour.de\/index.php\/2020\/05\/11\/cuba\/\"><img loading=\"lazy\" decoding=\"async\" width=\"800\" height=\"600\" src=\"https:\/\/letsgoontour.de\/wp-content\/uploads\/2020\/05\/Cuba_Capitolo_Oldtimer-800x600.jpg\" class=\"attachment-portfolio-landscape size-portfolio-landscape wp-post-image\" alt=\"\" \/><span class=\"latest_post_overlay\" ><\/span><\/a><\/div><div class=\"latest_post\" ><div class=\"latest_post_text\"><div class=\"latest_post_title_holder\"><h4 class=\"latest_post_title \" ><a href=\"https:\/\/letsgoontour.de\/index.php\/2020\/05\/11\/cuba\/\" style = \"\">Cuba &#8211; Zigarren, Rum &#038; Sozialismus<\/a><\/h4><\/div><div class=\"post_info_section post_info_boxes_bottom\" ><\/div><\/div><\/div><\/div><\/li><\/ul><\/div>[\/vc_column][\/vc_row]<\/p>\n<\/div>","protected":false},"excerpt":{"rendered":"<p>[vc_row row_type=&#8220;row&#8220; use_row_as_full_screen_section=&#8220;no&#8220; type=&#8220;grid&#8220; text_align=&#8220;center&#8220; video=&#8220;&#8220; padding_top=&#8220;160&#8243; padding_bottom=&#8220;90&#8243; css_animation=&#8220;&#8220; box_shadow_on_row=&#8220;no&#8220;][vc_column][vc_column_text] Vorfreude &amp; Erinnerungen [\/vc_column_text][vc_separator type=&#8220;transparent&#8220;][vc_column_text] Reiseberichte [\/vc_column_text][vc_separator type=&#8220;transparent&#8220;][vc_single_image image=&#8220;21&#8243; img_size=&#8220;full&#8220; alignment=&#8220;center&#8220; eltd_css_animation=&#8220;&#8220;][vc_separator type=&#8220;transparent&#8220;][vc_column_text]Ein gro\u00dfer Anteil an einer Reise ist f\u00fcr mich auch die Vorfreude &#8211; diese Spannung auf das Unbekannte, die faszinierenden Bilder der Orte,&#8230;<\/p>\n","protected":false},"author":1,"featured_media":0,"parent":0,"menu_order":0,"comment_status":"closed","ping_status":"closed","template":"","meta":{"footnotes":""},"class_list":["post-1654","page","type-page","status-publish","hentry"],"_links":{"self":[{"href":"https:\/\/letsgoontour.de\/index.php\/wp-json\/wp\/v2\/pages\/1654","targetHints":{"allow":["GET"]}}],"collection":[{"href":"https:\/\/letsgoontour.de\/index.php\/wp-json\/wp\/v2\/pages"}],"about":[{"href":"https:\/\/letsgoontour.de\/index.php\/wp-json\/wp\/v2\/types\/page"}],"author":[{"embeddable":true,"href":"https:\/\/letsgoontour.de\/index.php\/wp-json\/wp\/v2\/users\/1"}],"replies":[{"embeddable":true,"href":"https:\/\/letsgoontour.de\/index.php\/wp-json\/wp\/v2\/comments?post=1654"}],"version-history":[{"count":22,"href":"https:\/\/letsgoontour.de\/index.php\/wp-json\/wp\/v2\/pages\/1654\/revisions"}],"predecessor-version":[{"id":1790,"href":"https:\/\/letsgoontour.de\/index.php\/wp-json\/wp\/v2\/pages\/1654\/revisions\/1790"}],"wp:attachment":[{"href":"https:\/\/letsgoontour.de\/index.php\/wp-json\/wp\/v2\/media?parent=1654"}],"curies":[{"name":"wp","href":"https:\/\/api.w.org\/{rel}","templated":true}]}}