{"id":77,"date":"2015-03-02T15:45:12","date_gmt":"2015-03-02T15:45:12","guid":{"rendered":"http:\/\/demo.elated-themes.com\/borderland1\/?page_id=77"},"modified":"2023-01-25T04:30:57","modified_gmt":"2023-01-25T03:30:57","slug":"about","status":"publish","type":"page","link":"https:\/\/letsgoontour.de\/index.php\/about\/","title":{"rendered":"About"},"content":{"rendered":"<div class=\"wpb-content-wrapper\"><p>[vc_row row_type=&#8220;row&#8220; use_row_as_full_screen_section=&#8220;no&#8220; type=&#8220;grid&#8220; text_align=&#8220;center&#8220; video=&#8220;&#8220; padding_top=&#8220;160&#8243; padding_bottom=&#8220;0&#8243; css_animation=&#8220;&#8220; box_shadow_on_row=&#8220;no&#8220; oblique_section=&#8220;no&#8220; oblique_section_top_and_bottom=&#8220;both&#8220; oblique_section_position=&#8220;from_left_to_right&#8220; triangle_shape=&#8220;no&#8220; triangle_shape_position=&#8220;both&#8220;][vc_column][vc_column_text]<\/p>\n<h4>Auf der Suche nach den Abenteuern<\/h4>\n<p>[\/vc_column_text][vc_separator type=&#8220;transparent&#8220; up=&#8220;15&#8243; down=&#8220;0&#8243;][vc_column_text]<\/p>\n<h2>\u00dcber mich<\/h2>\n<p>[\/vc_column_text][vc_separator type=&#8220;transparent&#8220; up=&#8220;13&#8243; down=&#8220;0&#8243;][vc_single_image image=&#8220;21&#8243; img_size=&#8220;full&#8220; alignment=&#8220;center&#8220; eltd_css_animation=&#8220;&#8220;][vc_separator type=&#8220;transparent&#8220; up=&#8220;27&#8243; down=&#8220;0&#8243;][vc_column_text]Mein pers\u00f6nliches Ich.<\/p>\n<p>Von Freiheit, Abenteuern, Fernweh und dem Wunsch, zu entdecken, neue Orte, Kulturen und Menschen kennenzulernen<\/p>\n<p>und ihn vielleicht zu finden &#8211; den sch\u00f6nsten Fleck der Erde.[\/vc_column_text][vc_separator type=&#8220;transparent&#8220; up=&#8220;54&#8243; down=&#8220;0&#8243;][vc_single_image image=&#8220;2331&#8243; img_size=&#8220;full&#8220; alignment=&#8220;center&#8220; eltd_css_animation=&#8220;&#8220;][\/vc_column][\/vc_row][vc_row row_type=&#8220;row&#8220; use_row_as_full_screen_section=&#8220;no&#8220; type=&#8220;grid&#8220; text_align=&#8220;left&#8220; video=&#8220;&#8220; padding_top=&#8220;64&#8243; padding_bottom=&#8220;34&#8243; css_animation=&#8220;&#8220; box_shadow_on_row=&#8220;no&#8220; oblique_section=&#8220;no&#8220; oblique_section_top_and_bottom=&#8220;both&#8220; oblique_section_position=&#8220;from_left_to_right&#8220; triangle_shape=&#8220;no&#8220; triangle_shape_position=&#8220;both&#8220;][vc_column width=&#8220;1\/2&#8243;][vc_column_text]<span class='eltd_dropcap square' style='background-color: #f2f2f2; color: #222222;border-color: #f2f2f2;font-size: 45px;font-weight: 500;margin: 8px 20px 0px 0px;line-height: 70px;height: 70px;width: 70px;font-style: normal;'>D<\/span>arf ich vorstellen, ich bin Fabian, Baujahr &#8217;91 und aufgewachsen im beschaulichen Sauerland. Als Kind hielt ich die Heimat immer f\u00fcr den sch\u00f6nsten Fleck der Erde &#8211; gut, unz\u00e4hlige saftig-gr\u00fcne Wiesen, endlose W\u00e4lder und malerisch gelegene Talsperren sind wahrhaftig sehr sch\u00f6n anzusehen und ich f\u00fchle mich bis heute ausgesprochen wohl hier. Doch, wo liegt nun der sch\u00f6nste Fleck der Erde? Ganz sicher ist die Beantwortung der Frage sehr individuell und die einzige M\u00f6glichkeit zu einer qualifizierten Aussage liegt darin, sich von all den Orten, den Kulturen und den Menschen selbst ein Bild zu machen. Wie meine Eltern schon in Kindertragen feststellen mussten, bin ich definitiv mit ein Abenteuergen und unerm\u00fcdlichem Entdeckerdrang versehen. Das kombiniert mit der Prise Fernweh l\u00e4sst mich auf die Suche nach all den unentdeckten Orten begeben.[\/vc_column_text][\/vc_column][vc_column width=&#8220;1\/2&#8243;][vc_column_text]Bei dieser Suche m\u00f6chte ich Dich mitnehmen und einladen Teil des Abenteuers zu sein. Ich selbst f\u00fchle mich bei Reiseberichten und im Austausch mit anderen sofort immer Teil der Reise, der Entdeckung und nicht selten l\u00e4sst es diesen Ort dann auf meine eigene Wunschliste wandern &#8230; wenn er nicht sowieso schon seinen Platz dort gefunden hat. Um einerseits meine eigenen Erinnerungen festzuhalten, zu dokumentieren und andererseits auch bei Dir den Wunsch des Abenteuers auszul\u00f6sen, hab ich mich im so verr\u00fcckten Jahr 2020 dazu entschieden <em>Let&#8217;s Go On Tour<\/em> ins Leben zu rufen. Ein Ort, Webseite, Blog f\u00fcr Abenteuer &#8211; unabh\u00e4ngig davon, wie oder womit Du undIch diese angehen. Freiheit bedeutet auch Unabh\u00e4ngigkeit der Art zu Reisen. Du bist eingeladen, Teil davon zu sein! Also &#8211; Let&#8217;s Go On Tour![\/vc_column_text][\/vc_column][\/vc_row][vc_row row_type=&#8220;row&#8220; use_row_as_full_screen_section=&#8220;no&#8220; type=&#8220;grid&#8220; text_align=&#8220;center&#8220; video=&#8220;&#8220; padding_top=&#8220;82&#8243; padding_bottom=&#8220;54&#8243; css_animation=&#8220;&#8220; box_shadow_on_row=&#8220;no&#8220; oblique_section=&#8220;no&#8220; oblique_section_top_and_bottom=&#8220;both&#8220; oblique_section_position=&#8220;from_left_to_right&#8220; triangle_shape=&#8220;no&#8220; triangle_shape_position=&#8220;both&#8220;][vc_column][vc_column_text]<\/p>\n<h4>Freiheit kennt keine<\/h4>\n<p>[\/vc_column_text][vc_separator type=&#8220;transparent&#8220; up=&#8220;15&#8243; down=&#8220;0&#8243;][vc_column_text]<\/p>\n<h3>GRENZEN<\/h3>\n<p>[\/vc_column_text][vc_separator type=&#8220;transparent&#8220; up=&#8220;16&#8243; down=&#8220;0&#8243;][vc_single_image image=&#8220;21&#8243; img_size=&#8220;full&#8220; alignment=&#8220;center&#8220; eltd_css_animation=&#8220;&#8220;][vc_row_inner row_type=&#8220;row&#8220; type=&#8220;full_width&#8220; use_row_as_full_screen_section_slide=&#8220;no&#8220; text_align=&#8220;left&#8220; padding_top=&#8220;50&#8243; padding_bottom=&#8220;0&#8243; css_animation=&#8220;&#8220; box_shadow_on_row=&#8220;no&#8220;][vc_column_inner width=&#8220;1\/2&#8243;][vc_single_image image=&#8220;1180&#8243; img_size=&#8220;full&#8220; alignment=&#8220;center&#8220; eltd_css_animation=&#8220;&#8220;][vc_separator type=&#8220;transparent&#8220; up=&#8220;34&#8243; down=&#8220;0&#8243;][vc_column_text]<\/p>\n<h5><a href=\"http:\/\/demo.elated-themes.com\/borderland1\/morocco-road-trip\/\">ABENTEUER AUS EIGENER KRAFT<\/a><\/h5>\n<p>[\/vc_column_text][vc_separator type=&#8220;transparent&#8220; up=&#8220;22&#8243; down=&#8220;0&#8243;][vc_column_text]&#8230; bedeuten f\u00fcr mich, Herausforderungen und Anstrengungen zu bew\u00e4ltigen &#8211; zu Fu\u00df oder mit dem Mountainbike. Einmal die Alpen zu \u00fcberqueren oder \u00fcber zwei Wochen ein Land zu durchqueren. Je herausfordernder und verr\u00fcckter, desto besser. Wind und Wetter vollst\u00e4ndig ausgesetzt zu sein und aus eigener Kraft weiterzum\u00fcssen &#8211; Freiheit weit weg des Alltags.[\/vc_column_text][vc_separator type=&#8220;transparent&#8220; up=&#8220;30&#8243; down=&#8220;0&#8243;][\/vc_column_inner][vc_column_inner width=&#8220;1\/2&#8243;][vc_single_image image=&#8220;1179&#8243; img_size=&#8220;full&#8220; alignment=&#8220;center&#8220; eltd_css_animation=&#8220;&#8220;][vc_separator type=&#8220;transparent&#8220; up=&#8220;34&#8243; down=&#8220;0&#8243;][vc_column_text]<\/p>\n<h5 class=\"separator_content \"><a href=\"http:\/\/demo.elated-themes.com\/borderland1\/history-of-brooklyn\/\">ABENTEUER MIT DEM MOTORRAD<\/a><\/h5>\n<p>[\/vc_column_text][vc_separator type=&#8220;transparent&#8220; up=&#8220;22&#8243; down=&#8220;0&#8243;][vc_column_text]&#8230; bedeuten f\u00fcr mich, einfach loszufahren, gespannt zu sein was kommt. Neues zu entdecken, zu erkunden &#8211; sich loszul\u00f6sen vom Alltag. Den Fahrtwind zu sp\u00fcren und die Umgebung aus einer anderen Perspektive war zunehmen und das Gef\u00fchl zu haben, jetzt, spontan \u00fcberall hinfahren zu k\u00f6nnen, so weit einen die Reifen tragen &#8211; Freiheit.[\/vc_column_text][vc_separator type=&#8220;transparent&#8220; up=&#8220;30&#8243; down=&#8220;0&#8243;][\/vc_column_inner][\/vc_row_inner][\/vc_column][\/vc_row][vc_row row_type=&#8220;parallax&#8220; type=&#8220;grid&#8220; text_align=&#8220;center&#8220; background_image=&#8220;1485&#8243; full_screen_section_height=&#8220;no&#8220; section_height=&#8220;311&#8243; oblique_section=&#8220;no&#8220; oblique_section_top_and_bottom=&#8220;both&#8220; oblique_section_position=&#8220;from_left_to_right&#8220; triangle_shape=&#8220;no&#8220; triangle_shape_position=&#8220;both&#8220;][vc_column][vc_separator type=&#8220;transparent&#8220; up=&#8220;87&#8243; down=&#8220;0&#8243;][no_elements_holder number_of_columns=&#8220;three_columns&#8220;][no_elements_holder_item item_padding=&#8220;0px 10px 0px 10px&#8220; aligment=&#8220;center&#8220; advanced_animations=&#8220;yes&#8220; start_position=&#8220;bottom&#8220; end_position=&#8220;center&#8220; start_animation_style=&#8220;opacity: 0;&#8220; end_animation_style=&#8220;opacity: 1;&#8220;]<div class='image_hover ' style='' data-transition-delay=''><div class='images_holder'><img class='' src='' style='' \/><img class='hover_image' src='' style='' \/><\/div><\/div>[vc_separator type=&#8220;transparent&#8220; up=&#8220;20&#8243; down=&#8220;0&#8243;][vc_column_text][\/vc_column_text][\/no_elements_holder_item][no_elements_holder_item item_padding=&#8220;0px 10px 0px 10px&#8220; aligment=&#8220;center&#8220; advanced_animations=&#8220;yes&#8220; start_position=&#8220;bottom&#8220; end_position=&#8220;center&#8220; start_animation_style=&#8220;opacity: 0;&#8220; end_animation_style=&#8220;opacity: 1;&#8220;]<div class='image_hover ' style='' data-transition-delay=''><div class='images_holder'><img class='' src='' style='' \/><img class='hover_image' src='' style='' \/><\/div><\/div>[vc_separator type=&#8220;transparent&#8220; up=&#8220;20&#8243; down=&#8220;0&#8243;][vc_column_text][\/vc_column_text][\/no_elements_holder_item][no_elements_holder_item item_padding=&#8220;0px 10px 0px 10px&#8220; aligment=&#8220;center&#8220; advanced_animations=&#8220;yes&#8220; start_position=&#8220;bottom&#8220; end_position=&#8220;center&#8220; start_animation_style=&#8220;opacity: 0;&#8220; end_animation_style=&#8220;opacity: 1;&#8220;]<div class='image_hover ' style='' data-transition-delay=''><div class='images_holder'><img class='' src='' style='' \/><img class='hover_image' src='' style='' \/><\/div><\/div>[vc_separator type=&#8220;transparent&#8220; up=&#8220;20&#8243; down=&#8220;0&#8243;][vc_column_text][\/vc_column_text][\/no_elements_holder_item][\/no_elements_holder][vc_separator type=&#8220;transparent&#8220; up=&#8220;87&#8243; down=&#8220;0&#8243;][\/vc_column][\/vc_row]<\/p>\n<\/div>","protected":false},"excerpt":{"rendered":"<p>[vc_row row_type=&#8220;row&#8220; use_row_as_full_screen_section=&#8220;no&#8220; type=&#8220;grid&#8220; text_align=&#8220;center&#8220; video=&#8220;&#8220; padding_top=&#8220;160&#8243; padding_bottom=&#8220;0&#8243; css_animation=&#8220;&#8220; box_shadow_on_row=&#8220;no&#8220; oblique_section=&#8220;no&#8220; oblique_section_top_and_bottom=&#8220;both&#8220; oblique_section_position=&#8220;from_left_to_right&#8220; triangle_shape=&#8220;no&#8220; triangle_shape_position=&#8220;both&#8220;][vc_column][vc_column_text] Auf der Suche nach den Abenteuern [\/vc_column_text][vc_separator type=&#8220;transparent&#8220; up=&#8220;15&#8243; down=&#8220;0&#8243;][vc_column_text] \u00dcber mich [\/vc_column_text][vc_separator type=&#8220;transparent&#8220; up=&#8220;13&#8243; down=&#8220;0&#8243;][vc_single_image image=&#8220;21&#8243; img_size=&#8220;full&#8220; alignment=&#8220;center&#8220; eltd_css_animation=&#8220;&#8220;][vc_separator type=&#8220;transparent&#8220; up=&#8220;27&#8243; down=&#8220;0&#8243;][vc_column_text]Mein pers\u00f6nliches Ich. Von Freiheit, Abenteuern, Fernweh und&#8230;<\/p>\n","protected":false},"author":1,"featured_media":0,"parent":0,"menu_order":0,"comment_status":"open","ping_status":"open","template":"full_width.php","meta":{"footnotes":""},"class_list":["post-77","page","type-page","status-publish","hentry"],"_links":{"self":[{"href":"https:\/\/letsgoontour.de\/index.php\/wp-json\/wp\/v2\/pages\/77","targetHints":{"allow":["GET"]}}],"collection":[{"href":"https:\/\/letsgoontour.de\/index.php\/wp-json\/wp\/v2\/pages"}],"about":[{"href":"https:\/\/letsgoontour.de\/index.php\/wp-json\/wp\/v2\/types\/page"}],"author":[{"embeddable":true,"href":"https:\/\/letsgoontour.de\/index.php\/wp-json\/wp\/v2\/users\/1"}],"replies":[{"embeddable":true,"href":"https:\/\/letsgoontour.de\/index.php\/wp-json\/wp\/v2\/comments?post=77"}],"version-history":[{"count":11,"href":"https:\/\/letsgoontour.de\/index.php\/wp-json\/wp\/v2\/pages\/77\/revisions"}],"predecessor-version":[{"id":2333,"href":"https:\/\/letsgoontour.de\/index.php\/wp-json\/wp\/v2\/pages\/77\/revisions\/2333"}],"wp:attachment":[{"href":"https:\/\/letsgoontour.de\/index.php\/wp-json\/wp\/v2\/media?parent=77"}],"curies":[{"name":"wp","href":"https:\/\/api.w.org\/{rel}","templated":true}]}}